{"id":229,"date":"2025-03-12T19:10:44","date_gmt":"2025-03-12T19:10:44","guid":{"rendered":"https:\/\/outdoor-mind.ch\/?page_id=229"},"modified":"2026-04-01T20:15:58","modified_gmt":"2026-04-01T20:15:58","slug":"services","status":"publish","type":"page","link":"https:\/\/outdoor-mind.ch\/ch\/services\/","title":{"rendered":"Services"},"content":{"rendered":"<div data-elementor-type=\"wp-page\" data-elementor-id=\"229\" class=\"elementor elementor-229\" data-elementor-post-type=\"page\">\n\t\t\t\t<div class=\"elementor-element elementor-element-18fb94d e-flex e-con-boxed e-con e-parent\" data-id=\"18fb94d\" data-element_type=\"container\">\n\t\t\t\t\t<div class=\"e-con-inner\">\n\t\t\t\t<div class=\"elementor-element elementor-element-c6fd92a elementor-widget elementor-widget-spacer\" data-id=\"c6fd92a\" data-element_type=\"widget\" data-widget_type=\"spacer.default\">\n\t\t\t\t<div class=\"elementor-widget-container\">\n\t\t\t\t\t\t\t<div class=\"elementor-spacer\">\n\t\t\t<div class=\"elementor-spacer-inner\"><\/div>\n\t\t<\/div>\n\t\t\t\t\t\t<\/div>\n\t\t\t\t<\/div>\n\t\t\t\t\t<\/div>\n\t\t\t\t<\/div>\n\t\t<div class=\"elementor-element elementor-element-d2848c6 e-flex e-con-boxed e-con e-parent\" data-id=\"d2848c6\" data-element_type=\"container\">\n\t\t\t\t\t<div class=\"e-con-inner\">\n\t\t\t\t<div class=\"elementor-element elementor-element-ef5eb42 elementor-widget elementor-widget-heading\" data-id=\"ef5eb42\" data-element_type=\"widget\" data-widget_type=\"heading.default\">\n\t\t\t\t<div class=\"elementor-widget-container\">\n\t\t\t\t\t<h2 class=\"elementor-heading-title elementor-size-default\">Services<\/h2>\t\t\t\t<\/div>\n\t\t\t\t<\/div>\n\t\t\t\t\t<\/div>\n\t\t\t\t<\/div>\n\t\t<div class=\"elementor-element elementor-element-39ba91a e-flex e-con-boxed e-con e-parent\" data-id=\"39ba91a\" data-element_type=\"container\">\n\t\t\t\t\t<div class=\"e-con-inner\">\n\t\t\t\t<div class=\"elementor-element elementor-element-d30d8ce elementor-widget elementor-widget-spacer\" data-id=\"d30d8ce\" data-element_type=\"widget\" data-widget_type=\"spacer.default\">\n\t\t\t\t<div class=\"elementor-widget-container\">\n\t\t\t\t\t\t\t<div class=\"elementor-spacer\">\n\t\t\t<div class=\"elementor-spacer-inner\"><\/div>\n\t\t<\/div>\n\t\t\t\t\t\t<\/div>\n\t\t\t\t<\/div>\n\t\t\t\t\t<\/div>\n\t\t\t\t<\/div>\n\t\t<div class=\"elementor-element elementor-element-6923f0f e-flex e-con-boxed e-con e-parent\" data-id=\"6923f0f\" data-element_type=\"container\">\n\t\t\t\t\t<div class=\"e-con-inner\">\n\t\t<div class=\"elementor-element elementor-element-e6adbe6 e-con-full e-flex e-con e-child\" data-id=\"e6adbe6\" data-element_type=\"container\">\n\t\t<div class=\"elementor-element elementor-element-978fcd9 e-con-full e-flex e-con e-child\" data-id=\"978fcd9\" data-element_type=\"container\">\n\t\t<div class=\"elementor-element elementor-element-66421a2 e-con-full e-flex e-con e-child\" data-id=\"66421a2\" data-element_type=\"container\">\n\t\t<div class=\"elementor-element elementor-element-43894d6 e-con-full e-flex e-con e-child\" data-id=\"43894d6\" data-element_type=\"container\">\n\t\t\t\t<\/div>\n\t\t\t\t<div class=\"elementor-element elementor-element-6a03309 elementor-widget elementor-widget-heading\" data-id=\"6a03309\" data-element_type=\"widget\" data-widget_type=\"heading.default\">\n\t\t\t\t<div class=\"elementor-widget-container\">\n\t\t\t\t\t<h2 class=\"elementor-heading-title elementor-size-default\"><a href=\"https:\/\/outdoor-mind.ch\/ch\/1on1\/\">1:1 Coaching<\/a><\/h2>\t\t\t\t<\/div>\n\t\t\t\t<\/div>\n\t\t\t\t<div class=\"elementor-element elementor-element-a351111 elementor-widget elementor-widget-image\" data-id=\"a351111\" data-element_type=\"widget\" data-widget_type=\"image.default\">\n\t\t\t\t<div class=\"elementor-widget-container\">\n\t\t\t\t\t\t\t\t\t\t\t\t\t\t\t\t<a href=\"https:\/\/outdoor-mind.ch\/ch\/1on1\/\">\n\t\t\t\t\t\t\t<img fetchpriority=\"high\" decoding=\"async\" width=\"200\" height=\"300\" src=\"https:\/\/outdoor-mind.ch\/wp-content\/uploads\/2025\/12\/AnjaH-Outdoor-Coaching-200x300.jpg\" class=\"attachment-medium size-medium wp-image-616\" alt=\"AnjaH Outdoor Coaching\" srcset=\"\" sizes=\"(max-width: 200px) 100vw, 200px\" data-srcset=\"\" \/>\t\t\t\t\t\t\t\t<\/a>\n\t\t\t\t\t\t\t\t\t\t\t\t\t\t\t<\/div>\n\t\t\t\t<\/div>\n\t\t\t\t<div class=\"elementor-element elementor-element-18922a3 elementor-widget__width-initial elementor-widget elementor-widget-text-editor\" data-id=\"18922a3\" data-element_type=\"widget\" data-widget_type=\"text-editor.default\">\n\t\t\t\t<div class=\"elementor-widget-container\">\n\t\t\t\t\t\t\t\t\t<p data-start=\"209\" data-end=\"427\">You\u2019ve done everything right.<br \/>On paper, it\u2019s a success story. The career, the status, the life, all \u201cgood enough.\u201d But somewhere along the way, you traded your vitality for functionality.<\/p><p>In a\u00a0<strong>high-impact coaching partnership<\/strong>, we bridge the gap between professional success and personal values and fulfillment.<\/p><p>Wir arbeiten in\u00a0<strong>kurzen, intensiven Zyklen:<\/strong>\u00a0Zuerst kl\u00e4ren wir, was dich gerade zur\u00fcckh\u00e4lt und erarbeiten bereits erste Methoden die zu dir passen.<\/p>\t\t\t\t\t\t\t\t<\/div>\n\t\t\t\t<\/div>\n\t\t\t\t<div class=\"elementor-element elementor-element-6ad376c elementor-align-center elementor-widget elementor-widget-button\" data-id=\"6ad376c\" data-element_type=\"widget\" data-widget_type=\"button.default\">\n\t\t\t\t<div class=\"elementor-widget-container\">\n\t\t\t\t\t\t\t\t\t<div class=\"elementor-button-wrapper\">\n\t\t\t\t\t<a class=\"elementor-button elementor-button-link elementor-size-sm\" href=\"https:\/\/outdoor-mind.ch\/ch\/1on1\/\">\n\t\t\t\t\t\t<span class=\"elementor-button-content-wrapper\">\n\t\t\t\t\t\t\t\t\t<span class=\"elementor-button-text\">Details<\/span>\n\t\t\t\t\t<\/span>\n\t\t\t\t\t<\/a>\n\t\t\t\t<\/div>\n\t\t\t\t\t\t\t\t<\/div>\n\t\t\t\t<\/div>\n\t\t\t\t<\/div>\n\t\t<div class=\"elementor-element elementor-element-5d04cd3 e-con-full e-flex e-con e-child\" data-id=\"5d04cd3\" data-element_type=\"container\">\n\t\t<div class=\"elementor-element elementor-element-8995417 e-con-full e-flex e-con e-child\" data-id=\"8995417\" data-element_type=\"container\">\n\t\t\t\t<\/div>\n\t\t\t\t<div class=\"elementor-element elementor-element-78c6975 elementor-widget elementor-widget-heading\" data-id=\"78c6975\" data-element_type=\"widget\" data-widget_type=\"heading.default\">\n\t\t\t\t<div class=\"elementor-widget-container\">\n\t\t\t\t\t<h2 class=\"elementor-heading-title elementor-size-default\"><a href=\"https:\/\/outdoor-mind.ch\/ch\/retreats\/\">Retreats<\/a><\/h2>\t\t\t\t<\/div>\n\t\t\t\t<\/div>\n\t\t\t\t<div class=\"elementor-element elementor-element-b56bc88 elementor-widget elementor-widget-image\" data-id=\"b56bc88\" data-element_type=\"widget\" data-widget_type=\"image.default\">\n\t\t\t\t<div class=\"elementor-widget-container\">\n\t\t\t\t\t\t\t\t\t\t\t\t\t\t\t\t<a href=\"https:\/\/outdoor-mind.ch\/ch\/retreats\/\">\n\t\t\t\t\t\t\t<img decoding=\"async\" width=\"200\" height=\"300\" src=\"https:\/\/outdoor-mind.ch\/wp-content\/uploads\/2025\/12\/AnjaH-Coach-Retreat-200x300.jpg\" class=\"attachment-medium size-medium wp-image-620\" alt=\"AnjaH Coach Retreat\" srcset=\"\" sizes=\"(max-width: 200px) 100vw, 200px\" data-srcset=\"\" \/>\t\t\t\t\t\t\t\t<\/a>\n\t\t\t\t\t\t\t\t\t\t\t\t\t\t\t<\/div>\n\t\t\t\t<\/div>\n\t\t\t\t<div class=\"elementor-element elementor-element-01c39d9 elementor-widget__width-initial elementor-widget elementor-widget-text-editor\" data-id=\"01c39d9\" data-element_type=\"widget\" data-widget_type=\"text-editor.default\">\n\t\t\t\t<div class=\"elementor-widget-container\">\n\t\t\t\t\t\t\t\t\t<p>Raus aus dem Alltagsl\u00e4rm und rein in echte Erlebnisse in der Natur.\u00a0<strong>Mehrere Tage<\/strong>lang verbinden wir Abenteuer, Bewegung und wissenschaftlich fundiertes Coaching, damit du mentale Klarheit findest, pers\u00f6nliche Grenzen sprengst und deine innere St\u00e4rke wieder sp\u00fcrst.<\/p><p>In a small group of likeminded people, we have the opportunity to create lasting change for ourselves, while being part of a supportive community. Whether it\u2019s in the mountains, by the water, or under the stars: you\u2019ll leave refreshed, focused, and equipped with lasting\u00a0<strong>frischem Kopf, Fokus und Impulsen, die bleiben<\/strong>.<\/p>\t\t\t\t\t\t\t\t<\/div>\n\t\t\t\t<\/div>\n\t\t\t\t<div class=\"elementor-element elementor-element-002caf6 elementor-align-center elementor-widget elementor-widget-button\" data-id=\"002caf6\" data-element_type=\"widget\" data-widget_type=\"button.default\">\n\t\t\t\t<div class=\"elementor-widget-container\">\n\t\t\t\t\t\t\t\t\t<div class=\"elementor-button-wrapper\">\n\t\t\t\t\t<a class=\"elementor-button elementor-button-link elementor-size-sm\" href=\"https:\/\/outdoor-mind.ch\/ch\/retreats\/\">\n\t\t\t\t\t\t<span class=\"elementor-button-content-wrapper\">\n\t\t\t\t\t\t\t\t\t<span class=\"elementor-button-text\">Explore upcoming Dates<\/span>\n\t\t\t\t\t<\/span>\n\t\t\t\t\t<\/a>\n\t\t\t\t<\/div>\n\t\t\t\t\t\t\t\t<\/div>\n\t\t\t\t<\/div>\n\t\t\t\t<\/div>\n\t\t<div class=\"elementor-element elementor-element-7393e2e e-con-full e-flex e-con e-child\" data-id=\"7393e2e\" data-element_type=\"container\">\n\t\t<div class=\"elementor-element elementor-element-c8d62b7 e-con-full e-flex e-con e-child\" data-id=\"c8d62b7\" data-element_type=\"container\">\n\t\t\t\t<\/div>\n\t\t\t\t<div class=\"elementor-element elementor-element-bab1de0 elementor-widget elementor-widget-heading\" data-id=\"bab1de0\" data-element_type=\"widget\" data-widget_type=\"heading.default\">\n\t\t\t\t<div class=\"elementor-widget-container\">\n\t\t\t\t\t<h2 class=\"elementor-heading-title elementor-size-default\"><a href=\"https:\/\/outdoor-mind.ch\/ch\/corporate\/\">Corporate Events<\/a><\/h2>\t\t\t\t<\/div>\n\t\t\t\t<\/div>\n\t\t\t\t<div class=\"elementor-element elementor-element-34cc388 elementor-widget elementor-widget-image\" data-id=\"34cc388\" data-element_type=\"widget\" data-widget_type=\"image.default\">\n\t\t\t\t<div class=\"elementor-widget-container\">\n\t\t\t\t\t\t\t\t\t\t\t\t\t\t\t\t<a href=\"https:\/\/outdoor-mind.ch\/ch\/corporate\/\">\n\t\t\t\t\t\t\t<img decoding=\"async\" width=\"242\" height=\"300\" src=\"https:\/\/outdoor-mind.ch\/wp-content\/uploads\/2025\/03\/AnjaH-Outdoormind-Corporate-Events-scaled-e1741793428839-242x300.jpg\" class=\"attachment-medium size-medium wp-image-153\" alt=\"AnjaH Outdoormind Corporate Events\" srcset=\"\" sizes=\"(max-width: 242px) 100vw, 242px\" data-srcset=\"\" \/>\t\t\t\t\t\t\t\t<\/a>\n\t\t\t\t\t\t\t\t\t\t\t\t\t\t\t<\/div>\n\t\t\t\t<\/div>\n\t\t\t\t<div class=\"elementor-element elementor-element-019ef71 elementor-widget__width-initial elementor-widget elementor-widget-text-editor\" data-id=\"019ef71\" data-element_type=\"widget\" data-widget_type=\"text-editor.default\">\n\t\t\t\t<div class=\"elementor-widget-container\">\n\t\t\t\t\t\t\t\t\t<p>In a high-pressure corporate environment, traditional team-building often remains on the surface.<br><br>When a team is facing&nbsp;<b>restructuring, burnout<\/b>, or&nbsp;<b>rapid change<\/b>, they don\u2019t need more than a \u2018fun day out\u2019.<\/p>\n<p>I combine&nbsp;<span data-path-to-node=\"7,0\" data-index-in-node=\"230\">10 years of Supply Chain Management experience<\/span>&nbsp;with&nbsp;<span data-path-to-node=\"7,0\" data-index-in-node=\"282\">neuroscience-based coaching<\/span>&nbsp;to work with teams and individuals to thrive under pressure while maintaining their wellbeing.<\/p>\t\t\t\t\t\t\t\t<\/div>\n\t\t\t\t<\/div>\n\t\t\t\t<div class=\"elementor-element elementor-element-cf0e9ae elementor-align-center elementor-widget elementor-widget-button\" data-id=\"cf0e9ae\" data-element_type=\"widget\" data-widget_type=\"button.default\">\n\t\t\t\t<div class=\"elementor-widget-container\">\n\t\t\t\t\t\t\t\t\t<div class=\"elementor-button-wrapper\">\n\t\t\t\t\t<a class=\"elementor-button elementor-button-link elementor-size-sm\" href=\"https:\/\/outdoor-mind.ch\/ch\/corporate\/\">\n\t\t\t\t\t\t<span class=\"elementor-button-content-wrapper\">\n\t\t\t\t\t\t\t\t\t<span class=\"elementor-button-text\">Details<\/span>\n\t\t\t\t\t<\/span>\n\t\t\t\t\t<\/a>\n\t\t\t\t<\/div>\n\t\t\t\t\t\t\t\t<\/div>\n\t\t\t\t<\/div>\n\t\t\t\t<\/div>\n\t\t\t\t<\/div>\n\t\t\t\t<\/div>\n\t\t\t\t\t<\/div>\n\t\t\t\t<\/div>\n\t\t<div class=\"elementor-element elementor-element-9adeb91 e-flex e-con-boxed e-con e-parent\" data-id=\"9adeb91\" data-element_type=\"container\">\n\t\t\t\t\t<div class=\"e-con-inner\">\n\t\t\t\t<div class=\"elementor-element elementor-element-2a4b066 elementor-widget elementor-widget-spacer\" data-id=\"2a4b066\" data-element_type=\"widget\" data-widget_type=\"spacer.default\">\n\t\t\t\t<div class=\"elementor-widget-container\">\n\t\t\t\t\t\t\t<div class=\"elementor-spacer\">\n\t\t\t<div class=\"elementor-spacer-inner\"><\/div>\n\t\t<\/div>\n\t\t\t\t\t\t<\/div>\n\t\t\t\t<\/div>\n\t\t\t\t\t<\/div>\n\t\t\t\t<\/div>\n\t\t<div class=\"elementor-element elementor-element-2bcf85b e-flex e-con-boxed e-con e-parent\" data-id=\"2bcf85b\" data-element_type=\"container\">\n\t\t\t\t\t<div class=\"e-con-inner\">\n\t\t\t\t<div class=\"elementor-element elementor-element-19011d9 elementor-widget elementor-widget-spacer\" data-id=\"19011d9\" data-element_type=\"widget\" data-widget_type=\"spacer.default\">\n\t\t\t\t<div class=\"elementor-widget-container\">\n\t\t\t\t\t\t\t<div class=\"elementor-spacer\">\n\t\t\t<div class=\"elementor-spacer-inner\"><\/div>\n\t\t<\/div>\n\t\t\t\t\t\t<\/div>\n\t\t\t\t<\/div>\n\t\t\t\t\t<\/div>\n\t\t\t\t<\/div>\n\t\t\t\t<\/div>","protected":false},"excerpt":{"rendered":"<p>Services 1:1 Coaching You\u2019ve done everything right.On paper, it\u2019s a success story. The career, the status, the life, all \u201cgood enough.\u201d But somewhere along the way, you traded your vitality for functionality. In a\u00a0high-impact coaching partnership, we bridge the gap between professional success and personal values and fulfillment. You get a\u00a0powerful, experience-based\u00a0coaching format designed to [&hellip;]<\/p>","protected":false},"author":1,"featured_media":0,"parent":0,"menu_order":0,"comment_status":"closed","ping_status":"closed","template":"elementor_header_footer","meta":{"footnotes":""},"class_list":["post-229","page","type-page","status-publish","hentry"],"yoast_head":"<!-- This site is optimized with the Yoast SEO plugin v27.3 - https:\/\/yoast.com\/product\/yoast-seo-wordpress\/ -->\n<title>Services | Outdoormind by AnjaH<\/title>\n<meta name=\"description\" content=\"Systemic Coaching meets Outdoor Sports. For High-Achievers that are looking for Clarity and Resilience. Book your free Clarity Call now.\" \/>\n<meta name=\"robots\" content=\"index, follow, max-snippet:-1, max-image-preview:large, max-video-preview:-1\" \/>\n<link rel=\"canonical\" href=\"https:\/\/outdoor-mind.ch\/ch\/services\/\" \/>\n<meta property=\"og:locale\" content=\"de_DE\" \/>\n<meta property=\"og:type\" content=\"article\" \/>\n<meta property=\"og:title\" content=\"Services | Outdoormind by AnjaH\" \/>\n<meta property=\"og:description\" content=\"Systemic Coaching meets Outdoor Sports. For High-Achievers that are looking for Clarity and Resilience. Book your free Clarity Call now.\" \/>\n<meta property=\"og:url\" content=\"https:\/\/outdoor-mind.ch\/ch\/services\/\" \/>\n<meta property=\"og:site_name\" content=\"Outdoormind by AnjaH\" \/>\n<meta property=\"article:modified_time\" content=\"2026-04-01T20:15:58+00:00\" \/>\n<meta property=\"og:image\" content=\"https:\/\/outdoor-mind.ch\/wp-content\/uploads\/2025\/12\/AnjaH-Outdoor-Coaching-scaled.jpg\" \/>\n\t<meta property=\"og:image:width\" content=\"1707\" \/>\n\t<meta property=\"og:image:height\" content=\"2560\" \/>\n\t<meta property=\"og:image:type\" content=\"image\/jpeg\" \/>\n<meta name=\"twitter:card\" content=\"summary_large_image\" \/>\n<meta name=\"twitter:label1\" content=\"Gesch\u00e4tzte Lesezeit\" \/>\n\t<meta name=\"twitter:data1\" content=\"1\u00a0Minute\" \/>\n<script type=\"application\/ld+json\" class=\"yoast-schema-graph\">{\"@context\":\"https:\\\/\\\/schema.org\",\"@graph\":[{\"@type\":\"WebPage\",\"@id\":\"https:\\\/\\\/outdoor-mind.ch\\\/services\\\/\",\"url\":\"https:\\\/\\\/outdoor-mind.ch\\\/services\\\/\",\"name\":\"Services | Outdoormind by AnjaH\",\"isPartOf\":{\"@id\":\"https:\\\/\\\/outdoor-mind.ch\\\/#website\"},\"primaryImageOfPage\":{\"@id\":\"https:\\\/\\\/outdoor-mind.ch\\\/services\\\/#primaryimage\"},\"image\":{\"@id\":\"https:\\\/\\\/outdoor-mind.ch\\\/services\\\/#primaryimage\"},\"thumbnailUrl\":\"https:\\\/\\\/outdoor-mind.ch\\\/wp-content\\\/uploads\\\/2025\\\/12\\\/AnjaH-Outdoor-Coaching-200x300.jpg\",\"datePublished\":\"2025-03-12T19:10:44+00:00\",\"dateModified\":\"2026-04-01T20:15:58+00:00\",\"description\":\"Systemic Coaching meets Outdoor Sports. For High-Achievers that are looking for Clarity and Resilience. Book your free Clarity Call now.\",\"breadcrumb\":{\"@id\":\"https:\\\/\\\/outdoor-mind.ch\\\/services\\\/#breadcrumb\"},\"inLanguage\":\"de-CH\",\"potentialAction\":[{\"@type\":\"ReadAction\",\"target\":[\"https:\\\/\\\/outdoor-mind.ch\\\/services\\\/\"]}]},{\"@type\":\"ImageObject\",\"inLanguage\":\"de-CH\",\"@id\":\"https:\\\/\\\/outdoor-mind.ch\\\/services\\\/#primaryimage\",\"url\":\"https:\\\/\\\/outdoor-mind.ch\\\/wp-content\\\/uploads\\\/2025\\\/12\\\/AnjaH-Outdoor-Coaching-200x300.jpg\",\"contentUrl\":\"https:\\\/\\\/outdoor-mind.ch\\\/wp-content\\\/uploads\\\/2025\\\/12\\\/AnjaH-Outdoor-Coaching-200x300.jpg\"},{\"@type\":\"BreadcrumbList\",\"@id\":\"https:\\\/\\\/outdoor-mind.ch\\\/services\\\/#breadcrumb\",\"itemListElement\":[{\"@type\":\"ListItem\",\"position\":1,\"name\":\"Startseite\",\"item\":\"https:\\\/\\\/outdoor-mind.ch\\\/\"},{\"@type\":\"ListItem\",\"position\":2,\"name\":\"Services\"}]},{\"@type\":\"WebSite\",\"@id\":\"https:\\\/\\\/outdoor-mind.ch\\\/#website\",\"url\":\"https:\\\/\\\/outdoor-mind.ch\\\/\",\"name\":\"Outdoormind by AnjaH\",\"description\":\"Coaching for High-Achievers in Switzerland\",\"potentialAction\":[{\"@type\":\"SearchAction\",\"target\":{\"@type\":\"EntryPoint\",\"urlTemplate\":\"https:\\\/\\\/outdoor-mind.ch\\\/?s={search_term_string}\"},\"query-input\":{\"@type\":\"PropertyValueSpecification\",\"valueRequired\":true,\"valueName\":\"search_term_string\"}}],\"inLanguage\":\"de-CH\"}]}<\/script>\n<!-- \/ Yoast SEO plugin. -->","yoast_head_json":{"title":"Services | Outdoormind by AnjaH","description":"Systemic Coaching meets Outdoor Sports. For High-Achievers that are looking for Clarity and Resilience. Book your free Clarity Call now.","robots":{"index":"index","follow":"follow","max-snippet":"max-snippet:-1","max-image-preview":"max-image-preview:large","max-video-preview":"max-video-preview:-1"},"canonical":"https:\/\/outdoor-mind.ch\/ch\/services\/","og_locale":"de_DE","og_type":"article","og_title":"Services | Outdoormind by AnjaH","og_description":"Systemic Coaching meets Outdoor Sports. For High-Achievers that are looking for Clarity and Resilience. Book your free Clarity Call now.","og_url":"https:\/\/outdoor-mind.ch\/ch\/services\/","og_site_name":"Outdoormind by AnjaH","article_modified_time":"2026-04-01T20:15:58+00:00","og_image":[{"width":1707,"height":2560,"url":"https:\/\/outdoor-mind.ch\/wp-content\/uploads\/2025\/12\/AnjaH-Outdoor-Coaching-scaled.jpg","type":"image\/jpeg"}],"twitter_card":"summary_large_image","twitter_misc":{"Gesch\u00e4tzte Lesezeit":"1\u00a0Minute"},"schema":{"@context":"https:\/\/schema.org","@graph":[{"@type":"WebPage","@id":"https:\/\/outdoor-mind.ch\/services\/","url":"https:\/\/outdoor-mind.ch\/services\/","name":"Services | Outdoormind by AnjaH","isPartOf":{"@id":"https:\/\/outdoor-mind.ch\/#website"},"primaryImageOfPage":{"@id":"https:\/\/outdoor-mind.ch\/services\/#primaryimage"},"image":{"@id":"https:\/\/outdoor-mind.ch\/services\/#primaryimage"},"thumbnailUrl":"https:\/\/outdoor-mind.ch\/wp-content\/uploads\/2025\/12\/AnjaH-Outdoor-Coaching-200x300.jpg","datePublished":"2025-03-12T19:10:44+00:00","dateModified":"2026-04-01T20:15:58+00:00","description":"Systemic Coaching meets Outdoor Sports. For High-Achievers that are looking for Clarity and Resilience. Book your free Clarity Call now.","breadcrumb":{"@id":"https:\/\/outdoor-mind.ch\/services\/#breadcrumb"},"inLanguage":"de-CH","potentialAction":[{"@type":"ReadAction","target":["https:\/\/outdoor-mind.ch\/services\/"]}]},{"@type":"ImageObject","inLanguage":"de-CH","@id":"https:\/\/outdoor-mind.ch\/services\/#primaryimage","url":"https:\/\/outdoor-mind.ch\/wp-content\/uploads\/2025\/12\/AnjaH-Outdoor-Coaching-200x300.jpg","contentUrl":"https:\/\/outdoor-mind.ch\/wp-content\/uploads\/2025\/12\/AnjaH-Outdoor-Coaching-200x300.jpg"},{"@type":"BreadcrumbList","@id":"https:\/\/outdoor-mind.ch\/services\/#breadcrumb","itemListElement":[{"@type":"ListItem","position":1,"name":"Startseite","item":"https:\/\/outdoor-mind.ch\/"},{"@type":"ListItem","position":2,"name":"Services"}]},{"@type":"WebSite","@id":"https:\/\/outdoor-mind.ch\/#website","url":"https:\/\/outdoor-mind.ch\/","name":"Outdoormind by AnjaH","description":"Coaching for High-Achievers in Switzerland","potentialAction":[{"@type":"SearchAction","target":{"@type":"EntryPoint","urlTemplate":"https:\/\/outdoor-mind.ch\/?s={search_term_string}"},"query-input":{"@type":"PropertyValueSpecification","valueRequired":true,"valueName":"search_term_string"}}],"inLanguage":"de-CH"}]}},"_links":{"self":[{"href":"https:\/\/outdoor-mind.ch\/ch\/wp-json\/wp\/v2\/pages\/229","targetHints":{"allow":["GET"]}}],"collection":[{"href":"https:\/\/outdoor-mind.ch\/ch\/wp-json\/wp\/v2\/pages"}],"about":[{"href":"https:\/\/outdoor-mind.ch\/ch\/wp-json\/wp\/v2\/types\/page"}],"author":[{"embeddable":true,"href":"https:\/\/outdoor-mind.ch\/ch\/wp-json\/wp\/v2\/users\/1"}],"replies":[{"embeddable":true,"href":"https:\/\/outdoor-mind.ch\/ch\/wp-json\/wp\/v2\/comments?post=229"}],"version-history":[{"count":27,"href":"https:\/\/outdoor-mind.ch\/ch\/wp-json\/wp\/v2\/pages\/229\/revisions"}],"predecessor-version":[{"id":1032,"href":"https:\/\/outdoor-mind.ch\/ch\/wp-json\/wp\/v2\/pages\/229\/revisions\/1032"}],"wp:attachment":[{"href":"https:\/\/outdoor-mind.ch\/ch\/wp-json\/wp\/v2\/media?parent=229"}],"curies":[{"name":"wp","href":"https:\/\/api.w.org\/{rel}","templated":true}]}}