{"id":338,"date":"2025-03-13T16:06:10","date_gmt":"2025-03-13T16:06:10","guid":{"rendered":"https:\/\/outdoor-mind.ch\/?page_id=338"},"modified":"2026-04-10T10:06:16","modified_gmt":"2026-04-10T10:06:16","slug":"retreats","status":"publish","type":"page","link":"https:\/\/outdoor-mind.ch\/ch\/retreats\/","title":{"rendered":"Retreats"},"content":{"rendered":"<div data-elementor-type=\"wp-page\" data-elementor-id=\"338\" class=\"elementor elementor-338\" data-elementor-post-type=\"page\">\n\t\t\t\t<div class=\"elementor-element elementor-element-7d4a456 e-flex e-con-boxed e-con e-parent\" data-id=\"7d4a456\" data-element_type=\"container\">\n\t\t\t\t\t<div class=\"e-con-inner\">\n\t\t\t\t<div class=\"elementor-element elementor-element-2cd51e9 elementor-widget elementor-widget-spacer\" data-id=\"2cd51e9\" data-element_type=\"widget\" data-widget_type=\"spacer.default\">\n\t\t\t\t<div class=\"elementor-widget-container\">\n\t\t\t\t\t\t\t<div class=\"elementor-spacer\">\n\t\t\t<div class=\"elementor-spacer-inner\"><\/div>\n\t\t<\/div>\n\t\t\t\t\t\t<\/div>\n\t\t\t\t<\/div>\n\t\t\t\t\t<\/div>\n\t\t\t\t<\/div>\n\t\t<div class=\"elementor-element elementor-element-442d585 e-flex e-con-boxed e-con e-parent\" data-id=\"442d585\" data-element_type=\"container\">\n\t\t\t\t\t<div class=\"e-con-inner\">\n\t\t\t\t<div class=\"elementor-element elementor-element-cd57ce5 elementor-widget elementor-widget-heading\" data-id=\"cd57ce5\" data-element_type=\"widget\" data-widget_type=\"heading.default\">\n\t\t\t\t<div class=\"elementor-widget-container\">\n\t\t\t\t\t<h2 class=\"elementor-heading-title elementor-size-default\">Retreats<\/h2>\t\t\t\t<\/div>\n\t\t\t\t<\/div>\n\t\t\t\t\t<\/div>\n\t\t\t\t<\/div>\n\t\t<div class=\"elementor-element elementor-element-a7a0694 e-flex e-con-boxed e-con e-parent\" data-id=\"a7a0694\" data-element_type=\"container\">\n\t\t\t\t\t<div class=\"e-con-inner\">\n\t\t\t\t<div class=\"elementor-element elementor-element-c7ef915 elementor-widget elementor-widget-spacer\" data-id=\"c7ef915\" data-element_type=\"widget\" data-widget_type=\"spacer.default\">\n\t\t\t\t<div class=\"elementor-widget-container\">\n\t\t\t\t\t\t\t<div class=\"elementor-spacer\">\n\t\t\t<div class=\"elementor-spacer-inner\"><\/div>\n\t\t<\/div>\n\t\t\t\t\t\t<\/div>\n\t\t\t\t<\/div>\n\t\t\t\t\t<\/div>\n\t\t\t\t<\/div>\n\t\t<div class=\"elementor-element elementor-element-a2d0238 e-flex e-con-boxed e-con e-parent\" data-id=\"a2d0238\" data-element_type=\"container\">\n\t\t\t\t\t<div class=\"e-con-inner\">\n\t\t\t\t<div class=\"elementor-element elementor-element-f97d26e elementor-widget elementor-widget-image\" data-id=\"f97d26e\" data-element_type=\"widget\" data-widget_type=\"image.default\">\n\t\t\t\t<div class=\"elementor-widget-container\">\n\t\t\t\t\t\t\t\t\t\t\t\t\t\t\t<img fetchpriority=\"high\" decoding=\"async\" width=\"768\" height=\"371\" src=\"https:\/\/outdoor-mind.ch\/wp-content\/uploads\/2025\/03\/Outdoormind-Retreat-2-scaled-e1741882436614-768x371.jpg\" class=\"attachment-medium_large size-medium_large wp-image-341\" alt=\"Outdoormind Retreat (2)\" srcset=\"https:\/\/outdoor-mind.ch\/wp-content\/uploads\/2025\/03\/Outdoormind-Retreat-2-scaled-e1741882436614-768x371.jpg 768w, https:\/\/outdoor-mind.ch\/wp-content\/uploads\/2025\/03\/Outdoormind-Retreat-2-scaled-e1741882436614-300x145.jpg 300w, https:\/\/outdoor-mind.ch\/wp-content\/uploads\/2025\/03\/Outdoormind-Retreat-2-scaled-e1741882436614-1024x495.jpg 1024w, https:\/\/outdoor-mind.ch\/wp-content\/uploads\/2025\/03\/Outdoormind-Retreat-2-scaled-e1741882436614-1536x742.jpg 1536w, https:\/\/outdoor-mind.ch\/wp-content\/uploads\/2025\/03\/Outdoormind-Retreat-2-scaled-e1741882436614-2048x990.jpg 2048w\" sizes=\"(max-width: 768px) 100vw, 768px\" \/>\t\t\t\t\t\t\t\t\t\t\t\t\t\t\t<\/div>\n\t\t\t\t<\/div>\n\t\t\t\t\t<\/div>\n\t\t\t\t<\/div>\n\t\t<div class=\"elementor-element elementor-element-6d94853 e-flex e-con-boxed e-con e-parent\" data-id=\"6d94853\" data-element_type=\"container\">\n\t\t\t\t\t<div class=\"e-con-inner\">\n\t\t\t\t<div class=\"elementor-element elementor-element-b63dfb2 elementor-widget elementor-widget-spacer\" data-id=\"b63dfb2\" data-element_type=\"widget\" data-widget_type=\"spacer.default\">\n\t\t\t\t<div class=\"elementor-widget-container\">\n\t\t\t\t\t\t\t<div class=\"elementor-spacer\">\n\t\t\t<div class=\"elementor-spacer-inner\"><\/div>\n\t\t<\/div>\n\t\t\t\t\t\t<\/div>\n\t\t\t\t<\/div>\n\t\t\t\t\t<\/div>\n\t\t\t\t<\/div>\n\t\t<div class=\"elementor-element elementor-element-73cba52 e-flex e-con-boxed e-con e-parent\" data-id=\"73cba52\" data-element_type=\"container\">\n\t\t\t\t\t<div class=\"e-con-inner\">\n\t\t\t\t<div class=\"elementor-element elementor-element-6c48373 elementor-widget elementor-widget-heading\" data-id=\"6c48373\" data-element_type=\"widget\" data-widget_type=\"heading.default\">\n\t\t\t\t<div class=\"elementor-widget-container\">\n\t\t\t\t\t<h2 class=\"elementor-heading-title elementor-size-default\">Erlebnisorientierte Coaching-Retreats<\/h2>\t\t\t\t<\/div>\n\t\t\t\t<\/div>\n\t\t\t\t\t<\/div>\n\t\t\t\t<\/div>\n\t\t<div class=\"elementor-element elementor-element-a83c44e e-flex e-con-boxed e-con e-parent\" data-id=\"a83c44e\" data-element_type=\"container\">\n\t\t\t\t\t<div class=\"e-con-inner\">\n\t\t\t\t<div class=\"elementor-element elementor-element-70e9aa0 elementor-widget elementor-widget-spacer\" data-id=\"70e9aa0\" data-element_type=\"widget\" data-widget_type=\"spacer.default\">\n\t\t\t\t<div class=\"elementor-widget-container\">\n\t\t\t\t\t\t\t<div class=\"elementor-spacer\">\n\t\t\t<div class=\"elementor-spacer-inner\"><\/div>\n\t\t<\/div>\n\t\t\t\t\t\t<\/div>\n\t\t\t\t<\/div>\n\t\t\t\t\t<\/div>\n\t\t\t\t<\/div>\n\t\t<div class=\"elementor-element elementor-element-3d62428 e-flex e-con-boxed e-con e-parent\" data-id=\"3d62428\" data-element_type=\"container\">\n\t\t\t\t\t<div class=\"e-con-inner\">\n\t\t\t\t<div class=\"elementor-element elementor-element-9a369d2 elementor-widget__width-initial elementor-widget elementor-widget-text-editor\" data-id=\"9a369d2\" data-element_type=\"widget\" data-widget_type=\"text-editor.default\">\n\t\t\t\t<div class=\"elementor-widget-container\">\n\t\t\t\t\t\t\t\t\t<p data-start=\"288\" data-end=\"537\">Raus aus dem Alltag, rein in ein erlebbares Coaching in der Natur.\nMeine Retreats verbinden die Kraft der Natur mit wissenschaftlich fundiertem Mindset-Coaching. Sie sind daf\u00fcr gemacht, mentale Blockaden zu l\u00f6sen, deine innere St\u00e4rke wiederzufinden und echte, sp\u00fcrbare Ver\u00e4nderung zu schaffen.<\/p>\t\t\t\t\t\t\t\t<\/div>\n\t\t\t\t<\/div>\n\t\t\t\t<div class=\"elementor-element elementor-element-030e0a1 elementor-align-center elementor-widget elementor-widget-button\" data-id=\"030e0a1\" data-element_type=\"widget\" data-widget_type=\"button.default\">\n\t\t\t\t<div class=\"elementor-widget-container\">\n\t\t\t\t\t\t\t\t\t<div class=\"elementor-button-wrapper\">\n\t\t\t\t\t<a class=\"elementor-button elementor-button-link elementor-size-sm\" href=\"https:\/\/outdoor-mind.ch\/ch\/retreat-dates\/\">\n\t\t\t\t\t\t<span class=\"elementor-button-content-wrapper\">\n\t\t\t\t\t\t\t\t\t<span class=\"elementor-button-text\">Verf\u00fcgbare Termine<\/span>\n\t\t\t\t\t<\/span>\n\t\t\t\t\t<\/a>\n\t\t\t\t<\/div>\n\t\t\t\t\t\t\t\t<\/div>\n\t\t\t\t<\/div>\n\t\t\t\t<div class=\"elementor-element elementor-element-48c6711 elementor-widget__width-initial elementor-widget elementor-widget-text-editor\" data-id=\"48c6711\" data-element_type=\"widget\" data-widget_type=\"text-editor.default\">\n\t\t\t\t<div class=\"elementor-widget-container\">\n\t\t\t\t\t\t\t\t\t<p data-start=\"288\" data-end=\"537\"><span style=\"background-color: var( --e-global-color-9042db2 );\">Jedes Retreat ist so gestaltet, dass du Raum f\u00fcr echte Reflexion und Wachstum bekommst. Mit der richtigen Mischung aus Outdoor-Abenteuer, Achtsamkeit und umsetzbarem Mindset-Coaching.\nEgal, ob du ein Wochenende in den Schweizer Bergen geniessen oder ein Retreat in Portugal erleben m\u00f6chtest. Meine Retreats treffen dich genau dort, wo du gerade stehst.<\/span><\/p><p><strong data-start=\"932\" data-end=\"954\">Outdoor-Abenteuer<br \/><\/strong>Erlebe die Natur, egal ob beim Wandern, Surfen, Klettern oder anderen Aktivit\u00e4ten. Du fokussierst dich ganz auf die Aktivit\u00e4t, kommst runter und gewinnst neue Perspektiven.<\/p><p><strong data-start=\"1066\" data-end=\"1087\">Mindset Coaching<br \/><\/strong>Wissenschaftlich fundierte Methoden, um mentale St\u00e4rke, Fokus und Klarheit zu f\u00f6rdern. Interaktive Workshops und pers\u00f6nliche Reflektionen unterst\u00fctzen dich dabei, neue Wege zu gehen. Die Sessions finden je nach Programm in Gruppen oder 1:1 statt.<\/p><p><strong data-start=\"1268\" data-end=\"1298\">Entspannung &amp; Auftanken<br \/><\/strong>Genug Raum zum Durchatmen, Reflektieren und Auftanken. Ob am Lagerfeuer oder in ruhiger, naturnaher Umgebung.<\/p><p><strong data-start=\"1423\" data-end=\"1450\">Verbindung mit Gleichgesinnten<br \/><\/strong>Triff Gleichgesinnte, baue echte Verbindungen auf und schaffe bleibende Erinnerungen in einer unterst\u00fctzenden Community.<\/p>\t\t\t\t\t\t\t\t<\/div>\n\t\t\t\t<\/div>\n\t\t\t\t\t<\/div>\n\t\t\t\t<\/div>\n\t\t<div class=\"elementor-element elementor-element-1389e93 e-flex e-con-boxed e-con e-parent\" data-id=\"1389e93\" data-element_type=\"container\">\n\t\t\t\t\t<div class=\"e-con-inner\">\n\t\t\t\t<div class=\"elementor-element elementor-element-9064ad6 elementor-widget elementor-widget-spacer\" data-id=\"9064ad6\" data-element_type=\"widget\" data-widget_type=\"spacer.default\">\n\t\t\t\t<div class=\"elementor-widget-container\">\n\t\t\t\t\t\t\t<div class=\"elementor-spacer\">\n\t\t\t<div class=\"elementor-spacer-inner\"><\/div>\n\t\t<\/div>\n\t\t\t\t\t\t<\/div>\n\t\t\t\t<\/div>\n\t\t\t\t\t<\/div>\n\t\t\t\t<\/div>\n\t\t<div class=\"elementor-element elementor-element-604c4df e-flex e-con-boxed e-con e-parent\" data-id=\"604c4df\" data-element_type=\"container\">\n\t\t\t\t\t<div class=\"e-con-inner\">\n\t\t\t\t<div class=\"elementor-element elementor-element-a648e3d elementor-widget__width-initial elementor-widget elementor-widget-text-editor\" data-id=\"a648e3d\" data-element_type=\"widget\" data-widget_type=\"text-editor.default\">\n\t\t\t\t<div class=\"elementor-widget-container\">\n\t\t\t\t\t\t\t\t\t<p>Warum du dabei sein solltest?<\/p>\t\t\t\t\t\t\t\t<\/div>\n\t\t\t\t<\/div>\n\t\t\t\t<div class=\"elementor-element elementor-element-76ad1e8 elementor-widget__width-initial elementor-widget elementor-widget-text-editor\" data-id=\"76ad1e8\" data-element_type=\"widget\" data-widget_type=\"text-editor.default\">\n\t\t\t\t<div class=\"elementor-widget-container\">\n\t\t\t\t\t\t\t\t\t<p><span><span>\u2022 Overcome mental blocks and gain clarity, confidence, and resilience<\/span><\/span><\/p>\n<p>\u2022 Reconnect with yourself and your body through immersive outdoor experiences<\/p>\n<p>\u2022&nbsp;<span><span>Get tools and strategies you can use immediately to create lasting change in your life<\/span><\/span><\/p>\n<p>\u2022&nbsp;<span><span>Feel renewed and energized as you step out of your daily routine<\/span><\/span><\/p>\n<p>\u2022&nbsp;<span><span>Build meaningful connections with like-minded participants in a supportive community<\/span><\/span><\/p>\t\t\t\t\t\t\t\t<\/div>\n\t\t\t\t<\/div>\n\t\t\t\t\t<\/div>\n\t\t\t\t<\/div>\n\t\t<div class=\"elementor-element elementor-element-a630f11 e-flex e-con-boxed e-con e-parent\" data-id=\"a630f11\" data-element_type=\"container\">\n\t\t\t\t\t<div class=\"e-con-inner\">\n\t\t\t\t<div class=\"elementor-element elementor-element-06a2633 elementor-widget elementor-widget-spacer\" data-id=\"06a2633\" data-element_type=\"widget\" data-widget_type=\"spacer.default\">\n\t\t\t\t<div class=\"elementor-widget-container\">\n\t\t\t\t\t\t\t<div class=\"elementor-spacer\">\n\t\t\t<div class=\"elementor-spacer-inner\"><\/div>\n\t\t<\/div>\n\t\t\t\t\t\t<\/div>\n\t\t\t\t<\/div>\n\t\t\t\t\t<\/div>\n\t\t\t\t<\/div>\n\t\t<div class=\"elementor-element elementor-element-22e59b4 e-flex e-con-boxed e-con e-parent\" data-id=\"22e59b4\" data-element_type=\"container\">\n\t\t\t\t\t<div class=\"e-con-inner\">\n\t\t\t\t<div class=\"elementor-element elementor-element-40daa86 elementor-align-center elementor-widget elementor-widget-button\" data-id=\"40daa86\" data-element_type=\"widget\" data-widget_type=\"button.default\">\n\t\t\t\t<div class=\"elementor-widget-container\">\n\t\t\t\t\t\t\t\t\t<div class=\"elementor-button-wrapper\">\n\t\t\t\t\t<a class=\"elementor-button elementor-button-link elementor-size-sm\" href=\"https:\/\/outdoor-mind.ch\/ch\/retreat-dates\/\">\n\t\t\t\t\t\t<span class=\"elementor-button-content-wrapper\">\n\t\t\t\t\t\t\t\t\t<span class=\"elementor-button-text\">Verf\u00fcgbare Termine<\/span>\n\t\t\t\t\t<\/span>\n\t\t\t\t\t<\/a>\n\t\t\t\t<\/div>\n\t\t\t\t\t\t\t\t<\/div>\n\t\t\t\t<\/div>\n\t\t\t\t\t<\/div>\n\t\t\t\t<\/div>\n\t\t<div class=\"elementor-element elementor-element-5090224 e-flex e-con-boxed e-con e-parent\" data-id=\"5090224\" data-element_type=\"container\">\n\t\t\t\t\t<div class=\"e-con-inner\">\n\t\t\t\t<div class=\"elementor-element elementor-element-fdc5e3f elementor-widget elementor-widget-spacer\" data-id=\"fdc5e3f\" data-element_type=\"widget\" data-widget_type=\"spacer.default\">\n\t\t\t\t<div class=\"elementor-widget-container\">\n\t\t\t\t\t\t\t<div class=\"elementor-spacer\">\n\t\t\t<div class=\"elementor-spacer-inner\"><\/div>\n\t\t<\/div>\n\t\t\t\t\t\t<\/div>\n\t\t\t\t<\/div>\n\t\t\t\t\t<\/div>\n\t\t\t\t<\/div>\n\t\t\t\t<\/div>","protected":false},"excerpt":{"rendered":"<p>Retreats Experience-Based Coaching Retreats Escape the daily grind and immerse yourself in a transformative outdoor experience that blends the power of nature with science-based mindset coaching. My retreats are designed to help you break through mental blocks, reconnect with your inner strength, and create lasting change. Explore available Dates Each retreat is carefully curated to [&hellip;]<\/p>","protected":false},"author":1,"featured_media":0,"parent":0,"menu_order":0,"comment_status":"closed","ping_status":"closed","template":"","meta":{"footnotes":""},"class_list":["post-338","page","type-page","status-publish","hentry"],"yoast_head":"<!-- This site is optimized with the Yoast SEO plugin v27.3 - https:\/\/yoast.com\/product\/yoast-seo-wordpress\/ -->\n<title>Retreats | Outdoormind by AnjaH<\/title>\n<meta name=\"description\" content=\"Exclusive Coaching Retreats combining deep work, nature and outdoor activities. Small groups, high impact. View upcoming dates.\" \/>\n<meta name=\"robots\" content=\"index, follow, max-snippet:-1, max-image-preview:large, max-video-preview:-1\" \/>\n<link rel=\"canonical\" href=\"https:\/\/outdoor-mind.ch\/ch\/retreats\/\" \/>\n<meta property=\"og:locale\" content=\"de_DE\" \/>\n<meta property=\"og:type\" content=\"article\" \/>\n<meta property=\"og:title\" content=\"Coaching Retreats | Exclusive Outdoor Programs\" \/>\n<meta property=\"og:description\" content=\"Exclusive Coaching Retreats combining deep work, nature and outdoor activities. Small groups, high impact. View upcoming dates.\" \/>\n<meta property=\"og:url\" content=\"https:\/\/outdoor-mind.ch\/ch\/retreats\/\" \/>\n<meta property=\"og:site_name\" content=\"Outdoormind by AnjaH\" \/>\n<meta property=\"article:modified_time\" content=\"2026-04-10T10:06:16+00:00\" \/>\n<meta property=\"og:image\" content=\"https:\/\/outdoor-mind.ch\/wp-content\/uploads\/2025\/12\/AnjaH-Outdoormind-scaled.jpg\" \/>\n\t<meta property=\"og:image:width\" content=\"2560\" \/>\n\t<meta property=\"og:image:height\" content=\"1707\" \/>\n\t<meta property=\"og:image:type\" content=\"image\/jpeg\" \/>\n<meta name=\"twitter:card\" content=\"summary_large_image\" \/>\n<meta name=\"twitter:label1\" content=\"Gesch\u00e4tzte Lesezeit\" \/>\n\t<meta name=\"twitter:data1\" content=\"2\u00a0Minuten\" \/>\n<script type=\"application\/ld+json\" class=\"yoast-schema-graph\">{\"@context\":\"https:\\\/\\\/schema.org\",\"@graph\":[{\"@type\":\"WebPage\",\"@id\":\"https:\\\/\\\/outdoor-mind.ch\\\/retreats\\\/\",\"url\":\"https:\\\/\\\/outdoor-mind.ch\\\/retreats\\\/\",\"name\":\"Retreats | Outdoormind by AnjaH\",\"isPartOf\":{\"@id\":\"https:\\\/\\\/outdoor-mind.ch\\\/#website\"},\"primaryImageOfPage\":{\"@id\":\"https:\\\/\\\/outdoor-mind.ch\\\/retreats\\\/#primaryimage\"},\"image\":{\"@id\":\"https:\\\/\\\/outdoor-mind.ch\\\/retreats\\\/#primaryimage\"},\"thumbnailUrl\":\"https:\\\/\\\/outdoor-mind.ch\\\/wp-content\\\/uploads\\\/2025\\\/03\\\/Outdoormind-Retreat-2-scaled-e1741882436614-768x371.jpg\",\"datePublished\":\"2025-03-13T16:06:10+00:00\",\"dateModified\":\"2026-04-10T10:06:16+00:00\",\"description\":\"Exclusive Coaching Retreats combining deep work, nature and outdoor activities. Small groups, high impact. View upcoming dates.\",\"breadcrumb\":{\"@id\":\"https:\\\/\\\/outdoor-mind.ch\\\/retreats\\\/#breadcrumb\"},\"inLanguage\":\"de-CH\",\"potentialAction\":[{\"@type\":\"ReadAction\",\"target\":[\"https:\\\/\\\/outdoor-mind.ch\\\/retreats\\\/\"]}]},{\"@type\":\"ImageObject\",\"inLanguage\":\"de-CH\",\"@id\":\"https:\\\/\\\/outdoor-mind.ch\\\/retreats\\\/#primaryimage\",\"url\":\"https:\\\/\\\/outdoor-mind.ch\\\/wp-content\\\/uploads\\\/2025\\\/03\\\/Outdoormind-Retreat-2-scaled-e1741882436614-768x371.jpg\",\"contentUrl\":\"https:\\\/\\\/outdoor-mind.ch\\\/wp-content\\\/uploads\\\/2025\\\/03\\\/Outdoormind-Retreat-2-scaled-e1741882436614-768x371.jpg\"},{\"@type\":\"BreadcrumbList\",\"@id\":\"https:\\\/\\\/outdoor-mind.ch\\\/retreats\\\/#breadcrumb\",\"itemListElement\":[{\"@type\":\"ListItem\",\"position\":1,\"name\":\"Startseite\",\"item\":\"https:\\\/\\\/outdoor-mind.ch\\\/\"},{\"@type\":\"ListItem\",\"position\":2,\"name\":\"Retreats\"}]},{\"@type\":\"WebSite\",\"@id\":\"https:\\\/\\\/outdoor-mind.ch\\\/#website\",\"url\":\"https:\\\/\\\/outdoor-mind.ch\\\/\",\"name\":\"Outdoormind by AnjaH\",\"description\":\"Coaching for High-Achievers in Switzerland\",\"potentialAction\":[{\"@type\":\"SearchAction\",\"target\":{\"@type\":\"EntryPoint\",\"urlTemplate\":\"https:\\\/\\\/outdoor-mind.ch\\\/?s={search_term_string}\"},\"query-input\":{\"@type\":\"PropertyValueSpecification\",\"valueRequired\":true,\"valueName\":\"search_term_string\"}}],\"inLanguage\":\"de-CH\"}]}<\/script>\n<!-- \/ Yoast SEO plugin. -->","yoast_head_json":{"title":"Retreats | Outdoormind by AnjaH","description":"Exclusive Coaching Retreats combining deep work, nature and outdoor activities. Small groups, high impact. View upcoming dates.","robots":{"index":"index","follow":"follow","max-snippet":"max-snippet:-1","max-image-preview":"max-image-preview:large","max-video-preview":"max-video-preview:-1"},"canonical":"https:\/\/outdoor-mind.ch\/ch\/retreats\/","og_locale":"de_DE","og_type":"article","og_title":"Coaching Retreats | Exclusive Outdoor Programs","og_description":"Exclusive Coaching Retreats combining deep work, nature and outdoor activities. Small groups, high impact. View upcoming dates.","og_url":"https:\/\/outdoor-mind.ch\/ch\/retreats\/","og_site_name":"Outdoormind by AnjaH","article_modified_time":"2026-04-10T10:06:16+00:00","og_image":[{"width":2560,"height":1707,"url":"https:\/\/outdoor-mind.ch\/wp-content\/uploads\/2025\/12\/AnjaH-Outdoormind-scaled.jpg","type":"image\/jpeg"}],"twitter_card":"summary_large_image","twitter_misc":{"Gesch\u00e4tzte Lesezeit":"2\u00a0Minuten"},"schema":{"@context":"https:\/\/schema.org","@graph":[{"@type":"WebPage","@id":"https:\/\/outdoor-mind.ch\/retreats\/","url":"https:\/\/outdoor-mind.ch\/retreats\/","name":"Retreats | Outdoormind by AnjaH","isPartOf":{"@id":"https:\/\/outdoor-mind.ch\/#website"},"primaryImageOfPage":{"@id":"https:\/\/outdoor-mind.ch\/retreats\/#primaryimage"},"image":{"@id":"https:\/\/outdoor-mind.ch\/retreats\/#primaryimage"},"thumbnailUrl":"https:\/\/outdoor-mind.ch\/wp-content\/uploads\/2025\/03\/Outdoormind-Retreat-2-scaled-e1741882436614-768x371.jpg","datePublished":"2025-03-13T16:06:10+00:00","dateModified":"2026-04-10T10:06:16+00:00","description":"Exclusive Coaching Retreats combining deep work, nature and outdoor activities. Small groups, high impact. View upcoming dates.","breadcrumb":{"@id":"https:\/\/outdoor-mind.ch\/retreats\/#breadcrumb"},"inLanguage":"de-CH","potentialAction":[{"@type":"ReadAction","target":["https:\/\/outdoor-mind.ch\/retreats\/"]}]},{"@type":"ImageObject","inLanguage":"de-CH","@id":"https:\/\/outdoor-mind.ch\/retreats\/#primaryimage","url":"https:\/\/outdoor-mind.ch\/wp-content\/uploads\/2025\/03\/Outdoormind-Retreat-2-scaled-e1741882436614-768x371.jpg","contentUrl":"https:\/\/outdoor-mind.ch\/wp-content\/uploads\/2025\/03\/Outdoormind-Retreat-2-scaled-e1741882436614-768x371.jpg"},{"@type":"BreadcrumbList","@id":"https:\/\/outdoor-mind.ch\/retreats\/#breadcrumb","itemListElement":[{"@type":"ListItem","position":1,"name":"Startseite","item":"https:\/\/outdoor-mind.ch\/"},{"@type":"ListItem","position":2,"name":"Retreats"}]},{"@type":"WebSite","@id":"https:\/\/outdoor-mind.ch\/#website","url":"https:\/\/outdoor-mind.ch\/","name":"Outdoormind by AnjaH","description":"Coaching for High-Achievers in Switzerland","potentialAction":[{"@type":"SearchAction","target":{"@type":"EntryPoint","urlTemplate":"https:\/\/outdoor-mind.ch\/?s={search_term_string}"},"query-input":{"@type":"PropertyValueSpecification","valueRequired":true,"valueName":"search_term_string"}}],"inLanguage":"de-CH"}]}},"_links":{"self":[{"href":"https:\/\/outdoor-mind.ch\/ch\/wp-json\/wp\/v2\/pages\/338","targetHints":{"allow":["GET"]}}],"collection":[{"href":"https:\/\/outdoor-mind.ch\/ch\/wp-json\/wp\/v2\/pages"}],"about":[{"href":"https:\/\/outdoor-mind.ch\/ch\/wp-json\/wp\/v2\/types\/page"}],"author":[{"embeddable":true,"href":"https:\/\/outdoor-mind.ch\/ch\/wp-json\/wp\/v2\/users\/1"}],"replies":[{"embeddable":true,"href":"https:\/\/outdoor-mind.ch\/ch\/wp-json\/wp\/v2\/comments?post=338"}],"version-history":[{"count":15,"href":"https:\/\/outdoor-mind.ch\/ch\/wp-json\/wp\/v2\/pages\/338\/revisions"}],"predecessor-version":[{"id":1061,"href":"https:\/\/outdoor-mind.ch\/ch\/wp-json\/wp\/v2\/pages\/338\/revisions\/1061"}],"wp:attachment":[{"href":"https:\/\/outdoor-mind.ch\/ch\/wp-json\/wp\/v2\/media?parent=338"}],"curies":[{"name":"wp","href":"https:\/\/api.w.org\/{rel}","templated":true}]}}